{"id":1277,"date":"2024-06-30T15:40:23","date_gmt":"2024-06-30T12:40:23","guid":{"rendered":"https:\/\/www.istanbulkantar.com\/?page_id=1277"},"modified":"2024-07-24T01:02:12","modified_gmt":"2024-07-23T22:02:12","slug":"tir-kantari-kalibrasyonu","status":"publish","type":"page","link":"https:\/\/www.istanbulkantar.com\/index.php\/tir-kantari-kalibrasyonu","title":{"rendered":"T\u0131r Kantar\u0131 Kalibrasyonu"},"content":{"rendered":"<div class=\"cmsmasters_text\">ngg_shortcode_0_placeholder<\/p>\n<hr>\n<header class=\"cmsmasters_project_header entry-header\">\n<h2 class=\"cmsmasters_project_title entry-title\"><a href=\"https:\/\/www.istanbulkantar.com\/\">T\u0131r Kantar\u0131 Kalibrasyonu<\/a><\/h2>\n<\/header>\n<div class=\"project_content with_sidebar\">\n<figure class=\"cmsmasters_img_wrap\"><a class=\"cmsmasters_img_link preloader highImg\" title=\"Kantar Kalibrasyonu\" href=\"https:\/\/www.elitesistem.com\/wp-content\/uploads\/2023\/12\/kantar-kalibrasyonu.jpg\" rel=\"ilightbox[img_14738_66817f513161e]\"><img loading=\"lazy\" decoding=\"async\" class=\"wp-post-image lazyloaded\" title=\"Kantar Kalibrasyonu\" src=\"https:\/\/cdn.statically.io\/img\/www.elitesistem.com\/wp-content\/uploads\/2023\/12\/kantar-kalibrasyonu-1160x499.jpg?quality=100&amp;f=auto\" sizes=\"(max-width: 1160px) 100vw, 1160px\" srcset=\"https:\/\/cdn.statically.io\/img\/www.elitesistem.com\/wp-content\/uploads\/2023\/12\/kantar-kalibrasyonu-1160x499.jpg?quality=100&amp;f=auto 1160w, https:\/\/cdn.statically.io\/img\/www.elitesistem.com\/wp-content\/uploads\/2023\/12\/kantar-kalibrasyonu-300x129.jpg?quality=100&amp;f=auto 300w, https:\/\/cdn.statically.io\/img\/www.elitesistem.com\/wp-content\/uploads\/2023\/12\/kantar-kalibrasyonu-1024x441.jpg?quality=100&amp;f=auto 1024w, https:\/\/cdn.statically.io\/img\/www.elitesistem.com\/wp-content\/uploads\/2023\/12\/kantar-kalibrasyonu-768x330.jpg?quality=100&amp;f=auto 768w, https:\/\/cdn.statically.io\/img\/www.elitesistem.com\/wp-content\/uploads\/2023\/12\/kantar-kalibrasyonu-580x250.jpg?quality=100&amp;f=auto 580w, https:\/\/cdn.statically.io\/img\/www.elitesistem.com\/wp-content\/uploads\/2023\/12\/kantar-kalibrasyonu-860x370.jpg?quality=100&amp;f=auto 860w, https:\/\/cdn.statically.io\/img\/www.elitesistem.com\/wp-content\/uploads\/2023\/12\/kantar-kalibrasyonu.jpg?quality=100&amp;f=auto 1232w, \" alt=\"Kantar Kalibrasyonu\" width=\"1160\" height=\"499\" data-src=\"https:\/\/cdn.statically.io\/img\/www.elitesistem.com\/wp-content\/uploads\/2023\/12\/kantar-kalibrasyonu-1160x499.jpg?quality=100&amp;f=auto\" data-srcset=\"https:\/\/cdn.statically.io\/img\/www.elitesistem.com\/wp-content\/uploads\/2023\/12\/kantar-kalibrasyonu-1160x499.jpg?quality=100&amp;f=auto 1160w, https:\/\/cdn.statically.io\/img\/www.elitesistem.com\/wp-content\/uploads\/2023\/12\/kantar-kalibrasyonu-300x129.jpg?quality=100&amp;f=auto 300w, https:\/\/cdn.statically.io\/img\/www.elitesistem.com\/wp-content\/uploads\/2023\/12\/kantar-kalibrasyonu-1024x441.jpg?quality=100&amp;f=auto 1024w, https:\/\/cdn.statically.io\/img\/www.elitesistem.com\/wp-content\/uploads\/2023\/12\/kantar-kalibrasyonu-768x330.jpg?quality=100&amp;f=auto 768w, https:\/\/cdn.statically.io\/img\/www.elitesistem.com\/wp-content\/uploads\/2023\/12\/kantar-kalibrasyonu-580x250.jpg?quality=100&amp;f=auto 580w, https:\/\/cdn.statically.io\/img\/www.elitesistem.com\/wp-content\/uploads\/2023\/12\/kantar-kalibrasyonu-860x370.jpg?quality=100&amp;f=auto 860w, https:\/\/cdn.statically.io\/img\/www.elitesistem.com\/wp-content\/uploads\/2023\/12\/kantar-kalibrasyonu.jpg?quality=100&amp;f=auto 1232w, \"><\/a><\/figure>\n<div class=\"cmsmasters_project_content entry-content\">\n<div id=\"cmsmasters_row_zyd9mjs37s\" class=\"cmsmasters_row cmsmasters_color_scheme_default cmsmasters_row_top_default cmsmasters_row_bot_default cmsmasters_row_boxed\">\n<div class=\"cmsmasters_row_outer_parent\">\n<div class=\"cmsmasters_row_outer\">\n<div class=\"cmsmasters_row_inner\">\n<div class=\"cmsmasters_row_margin cmsmasters_11\">\n<div id=\"cmsmasters_column_901f4646bb\" class=\"cmsmasters_column one_first\">\n<div class=\"cmsmasters_column_inner\">\n<div id=\"cmsmasters_heading_0qjog8dgfb\" class=\"cmsmasters_heading_wrap cmsmasters_heading_align_left\">\n<h2 class=\"cmsmasters_heading cmsmasters-icon-truck\">&nbsp;<\/h2>\n<\/div>\n<div class=\"cmsmasters_text\">\n<h2><strong><a href=\"https:\/\/www.istanbulkantar.com\/\">T\u0131r Kantar Kalibrasyonu<\/a> Nedir?<\/strong><\/h2>\n<figure id=\"attachment_14561\" class=\"wp-caption alignleft\" aria-describedby=\"caption-attachment-14561\"><img loading=\"lazy\" decoding=\"async\" class=\"size-thumbnail wp-image-14561 lazyloaded\" src=\"https:\/\/cdn.statically.io\/img\/www.elitesistem.com\/wp-content\/uploads\/2023\/11\/kantar-kalibrasyon-150x150.jpeg?quality=100&amp;f=auto\" sizes=\"(max-width: 150px) 100vw, 150px\" srcset=\"https:\/\/cdn.statically.io\/img\/www.elitesistem.com\/wp-content\/uploads\/2023\/11\/kantar-kalibrasyon-150x150.jpeg?quality=100&amp;f=auto 150w, https:\/\/cdn.statically.io\/img\/www.elitesistem.com\/wp-content\/uploads\/2023\/11\/kantar-kalibrasyon-65x65.jpeg?quality=100&amp;f=auto 65w, https:\/\/cdn.statically.io\/img\/www.elitesistem.com\/wp-content\/uploads\/2023\/11\/kantar-kalibrasyon-500x500.jpeg?quality=100&amp;f=auto 500w, \" alt=\"Kantar Kalibrasyon\" width=\"150\" height=\"150\" data-src=\"https:\/\/cdn.statically.io\/img\/www.elitesistem.com\/wp-content\/uploads\/2023\/11\/kantar-kalibrasyon-150x150.jpeg?quality=100&amp;f=auto\" data-srcset=\"https:\/\/cdn.statically.io\/img\/www.elitesistem.com\/wp-content\/uploads\/2023\/11\/kantar-kalibrasyon-150x150.jpeg?quality=100&amp;f=auto 150w, https:\/\/cdn.statically.io\/img\/www.elitesistem.com\/wp-content\/uploads\/2023\/11\/kantar-kalibrasyon-65x65.jpeg?quality=100&amp;f=auto 65w, https:\/\/cdn.statically.io\/img\/www.elitesistem.com\/wp-content\/uploads\/2023\/11\/kantar-kalibrasyon-500x500.jpeg?quality=100&amp;f=auto 500w, \"><br \/>\n<a href=\"https:\/\/www.istanbulkantar.com\/\">T\u0131r Kantar\u0131 Kalibrasyonu<\/a><\/figure>\n<p>A\u011f\u0131rl\u0131k \u00f6l\u00e7\u00fcm\u00fc, her sekt\u00f6rde ihtiya\u00e7 duyulan bir hizmettir. Bu hizmetin do\u011fru ve yetkili kurulu\u015flar taraf\u0131ndan yap\u0131lmal\u0131, verimli bir bi\u00e7imde yap\u0131labilmesi i\u00e7in, etalon a\u011f\u0131rl\u0131klar ile do\u011fru kalibrasyon sa\u011flanmas\u0131 gerekmektedir. Tonajl\u0131 tart\u0131m yapan&nbsp;<a href=\"https:\/\/onlinekantar.net\/login.php\" target=\"_blank\" rel=\"noopener\"><strong>t\u0131r kantar&nbsp;<\/strong><\/a>kalibrasyon yap\u0131lmas\u0131 ve do\u011fru bir \u015fekilde yetki belgesine sahip firma taraf\u0131ndan, TSE standartlar\u0131 kapsam\u0131nda yap\u0131lmas\u0131 \u00f6nemlidir. Do\u011fru etalon a\u011f\u0131l\u0131klar ile kalibrasyon i\u015flemi yap\u0131lmal\u0131,&nbsp;<strong>t\u0131r kantar\u0131 kalibrasyonu<\/strong>&nbsp;etalon a\u011f\u0131rl\u0131klar ile do\u011fru kantar\u0131n semin \u00fczerinde her k\u00f6\u015fesinden do\u011fru veriler al\u0131narak kalibrasyon ger\u00e7ekle\u015ftrilmelidir kalibrasyonu bozuk olan bir kantar size maddi zarar verebilir.<\/p>\n<p>&nbsp;<\/p>\n<p>&nbsp;<\/p>\n<p>&nbsp;<\/p>\n<h2><strong>Kalibrasyon Nas\u0131l Yap\u0131lmal\u0131d\u0131r ?<\/strong><\/h2>\n<p><strong><a href=\"https:\/\/www.elitesistem.com\/\">60 Tonluk Kantar<\/a><\/strong>&nbsp;i\u00e7in 12 tonluk etalon a\u011f\u0131rl\u0131k gerekmektedir,&nbsp;<strong><a href=\"https:\/\/www.elitesistem.com\/\">80 tonluk kantar<\/a>&nbsp;<\/strong>i\u00e7in 16 ton etalon a\u011f\u0131rl\u0131k gerekmektedir kalibrasyonu yapt\u0131raca\u011f\u0131n\u0131z firman\u0131n yetki belgesi olup olmad\u0131\u011f\u0131n\u0131 mutlaka sorgulay\u0131n\u0131z, kalibrasyon i\u015flemi sonras\u0131 uygunluk beyan\u0131n\u0131z\u0131 mutlaka al\u0131n\u0131z.<\/p>\n<p>&nbsp;<\/p>\n<h2><strong>Kalibrasyon Nelere Dikkat Edilmeli ?<\/strong><\/h2>\n<p><strong><a href=\"https:\/\/www.elitesistem.com\/\">Kantar kalibrasyonu<\/a><\/strong>&nbsp;i\u00e7in dikkat edilmesi gerekenler;<\/p>\n<ol>\n<li>Firman\u0131n yetki belgesi var m\u0131 ? (s\u00fcresine dikkat ediniz)<\/li>\n<li>Yetki belgesi kulland\u0131\u011f\u0131n\u0131z indikat\u00f6r\u00fc kaps\u0131yor mu?<\/li>\n<li>Alaca\u011f\u0131n\u0131z uygunluk beyan\u0131nda loadcell seri numaralar\u0131 belirtilmi\u015f mi?<\/li>\n<\/ol>\n<p>&nbsp;<\/p>\n<p>Kantarlar\u0131n do\u011fas\u0131 ve \u00e7al\u0131\u015ft\u0131klar\u0131 ortamlar nedeniyle Kantarlar\u0131n d\u00fczenli aral\u0131klarla, \u00e7o\u011fu durumda en az y\u0131lda bir kez yeniden kalibrasyonu gerekir. Y\u00fcksek maliyetli bir \u00fcr\u00fcn\u00fcn tart\u0131ld\u0131\u011f\u0131 baz\u0131 durumlarda, ayl\u0131k olarak yeniden kalibrasyon yap\u0131lmas\u0131 i\u00e7in talepte bulunulabilir.&nbsp; y\u00fcksek hassasiyetli S\u0131n\u0131f II Kantarlar S\u0131n\u0131f III end\u00fcstriyel Kantarlar ve S\u0131n\u0131f IIIHD y\u00fcksek kapasiteli Kantarlar kadar izlenebilir K\u00fctle Standartlar\u0131n\u0131 kullanan e\u011fitimli profesyonel teknisyenlerimiz taraf\u0131ndan uygun fiyatl\u0131 kalibrasyon hizmetleri sunar .<\/p>\n<p>Bu yaz\u0131sda, end\u00fcstriyel Kantar da yayg\u0131n olarak kullan\u0131lan d\u00f6rt do\u011fru&nbsp;<strong><a href=\"https:\/\/www.elitesistem.com\/index.php\/project\/kantar-kalibrasyonu\">kantar kalibrasyon<\/a><\/strong>&nbsp;inceleyebilirsiniz.<\/p>\n<p>&nbsp;<\/p>\n<h2>A\u011f\u0131rl\u0131k Kalibrasyonu<\/h2>\n<p>A\u011f\u0131rl\u0131k kalibrasyonu, ara\u00e7 kantarlar\u0131n\u0131 kalibre etmek i\u00e7in kullan\u0131lan temel y\u00f6ntemdir. Terazinin \u00f6l\u00e7\u00fcmlerinin do\u011frulu\u011funu belirlemek i\u00e7in sertifikal\u0131 test a\u011f\u0131rl\u0131klar\u0131n\u0131n kullan\u0131lmas\u0131n\u0131 i\u00e7erir. \u0130\u015flem tipik olarak bilinen a\u011f\u0131rl\u0131klar\u0131n kantar\u0131n veya y\u00fck h\u00fccrelerinin farkl\u0131 b\u00f6l\u00fcmlerine yerle\u015ftirilmesini ve terazinin okumalar\u0131n\u0131n uygulanan a\u011f\u0131rl\u0131kla kar\u015f\u0131la\u015ft\u0131r\u0131lmas\u0131n\u0131 i\u00e7erir. Herhangi bir tutars\u0131zl\u0131k bulunursa terazinin bilinen a\u011f\u0131rl\u0131klara g\u00f6re ayarlanmas\u0131 i\u00e7in ayarlamalar yap\u0131l\u0131r. Tart\u0131m sistemindeki herhangi bir de\u011fi\u015fiklik veya a\u015f\u0131nmay\u0131 hesaba katmak i\u00e7in a\u011f\u0131rl\u0131k kalibrasyonu periyodik olarak yap\u0131lmal\u0131d\u0131r.<\/p>\n<p>&nbsp;<\/p>\n<h2>\u00c7ift Eksenli Y\u00fck H\u00fccresi Kalibrasyonu<\/h2>\n<p>Ara\u00e7 kantarlar\u0131nda genellikle kantar\u0131n \u00fczerine stratejik olarak yerle\u015ftirilmi\u015f birden fazla y\u00fck h\u00fccresi kullan\u0131l\u0131r. \u00c7ift eksenli y\u00fck h\u00fccresi kalibrasyonu, her y\u00fck h\u00fccresinin ayr\u0131 ayr\u0131 kalibre edilmesine odaklanan bir y\u00f6ntemdir. Bilinen a\u011f\u0131rl\u0131klar\u0131n kantar \u00fczerindeki belirli noktalara uygulanmas\u0131yla, her bir y\u00fck h\u00fccresinden al\u0131nan okumalar, kabul edilebilir bir do\u011fruluk aral\u0131\u011f\u0131nda olup olmad\u0131klar\u0131n\u0131 belirlemek i\u00e7in kar\u015f\u0131la\u015ft\u0131r\u0131labilir. De\u011fi\u015fiklikler tespit edilirse t\u00fcm y\u00fck h\u00fccrelerinde tutarl\u0131l\u0131\u011f\u0131 sa\u011flamak i\u00e7in ayarlamalar yap\u0131l\u0131r. Bu y\u00f6ntem, ara\u00e7 kantar\u0131n\u0131n genel do\u011frulu\u011funu ve g\u00fcvenilirli\u011fini korumak i\u00e7in \u00e7ok \u00f6nemlidir.<\/p>\n<p>&nbsp;<\/p>\n<h2>K\u00f6\u015fe Testi Kantar Kalibrasyonu<\/h2>\n<p>K\u00f6\u015fe testi&nbsp;<a href=\"https:\/\/tr.wikipedia.org\/wiki\/Anasayfa\" target=\"_blank\" rel=\"noopener\"><strong>kantar kalibrasyonu<\/strong><\/a>, kantar \u00fczerindeki e\u015fit olmayan y\u00fckleme veya a\u011f\u0131rl\u0131k da\u011f\u0131l\u0131m\u0131ndan kaynaklanabilecek potansiyel tart\u0131m tutars\u0131zl\u0131klar\u0131n\u0131 gidermek i\u00e7in \u00f6zel olarak tasarlanm\u0131\u015ft\u0131r. Bu y\u00f6ntem, kantar\u0131n her k\u00f6\u015fesine bilinen a\u011f\u0131rl\u0131klar\u0131n yerle\u015ftirilmesini ve her k\u00f6\u015feden elde edilen de\u011ferlerin kar\u015f\u0131la\u015ft\u0131r\u0131lmas\u0131n\u0131 i\u00e7erir. K\u00f6\u015feler aras\u0131ndaki tutars\u0131zl\u0131klar, y\u00fck h\u00fccresi performans\u0131 veya tart\u0131m platformu hizalamas\u0131 ile ilgili olas\u0131 sorunlara i\u015faret edebilir. Daha sonra y\u00fck da\u011f\u0131l\u0131m\u0131ndan ba\u011f\u0131ms\u0131z olarak t\u00fcm kantar boyunca e\u015fit tart\u0131m sa\u011flamak i\u00e7in ayarlamalar yap\u0131l\u0131r.<\/p>\n<p>&nbsp;<\/p>\n<h2>S\u0131cakl\u0131k Telafisi<\/h2>\n<p>S\u0131cakl\u0131k, \u00f6zellikle gerinim \u00f6l\u00e7er y\u00fck h\u00fccreleri veya hassas bile\u015fenler kullanan ara\u00e7 kantarlar\u0131n\u0131n do\u011frulu\u011funu \u00f6nemli \u00f6l\u00e7\u00fcde etkileyebilir. S\u0131cakl\u0131k telafisi, s\u0131cakl\u0131k de\u011fi\u015fimlerinin terazinin performans\u0131 \u00fczerindeki etkilerini dikkate alan bir kalibrasyon y\u00f6ntemidir. S\u0131cakl\u0131k sens\u00f6rleri veya dengeleme algoritmalar\u0131 kullan\u0131larak terazinin okumalar\u0131 s\u0131cakl\u0131k de\u011fi\u015fikliklerini hesaba katacak \u015fekilde ayarlanabilir. Bu y\u00f6ntem, s\u0131cakl\u0131klar\u0131n de\u011fi\u015fken oldu\u011fu ortamlarda bile hassas \u00f6l\u00e7\u00fcmlerin korunmas\u0131na yard\u0131mc\u0131 olur.<\/p>\n<p>\u2014<\/p>\n<p>End\u00fcstriyel i\u015flemlerde hassas tart\u0131m sa\u011flamak i\u00e7in ara\u00e7 kantarlar\u0131n\u0131n do\u011fru&nbsp;<a href=\"https:\/\/tr.wikipedia.org\/wiki\/Anasayfa\" target=\"_blank\" rel=\"noopener\"><strong>kantar kalibrasyonu<\/strong><\/a>&nbsp;\u015fartt\u0131r. Bu blog yaz\u0131s\u0131nda tart\u0131\u015f\u0131lan d\u00f6rt y\u00f6ntemi (a\u011f\u0131rl\u0131k kalibrasyonu, \u00e7ift eksenli y\u00fck h\u00fccresi kalibrasyonu, k\u00f6\u015fe testi kalibrasyonu ve s\u0131cakl\u0131k telafisi) uygulayarak, en y\u00fcksek do\u011fruluk standartlar\u0131n\u0131 ve a\u011f\u0131rl\u0131k d\u00fczenlemelerine uygunlu\u011fu koruyabilirsiniz. D\u00fczenli kalibrasyon yaln\u0131zca operasyonel verimlili\u011fi art\u0131rmakla ve a\u015f\u0131r\u0131 y\u00fcklemeyi \u00f6nlemekle kalmaz, ayn\u0131 zamanda g\u00fcvenli\u011fi ve m\u00fc\u015fteri memnuniyetini de art\u0131r\u0131r.<\/p>\n<p><a href=\"https:\/\/www.elitesistem.com\/wp-content\/uploads\/2024\/01\/Tir-Kantar.pdf\"><strong>T\u0131r Kantar\u0131<\/strong><\/a>&nbsp;Modelleri ve Katalog incelemek i\u00e7in t\u0131klay\u0131n\u0131z.<\/p>\n<\/div>\n<\/div>\n<\/div>\n<\/div>\n<\/div>\n<\/div>\n<\/div>\n<\/div>\n<\/div>\n<\/div>\n<\/div>\n","protected":false},"excerpt":{"rendered":"<p>T\u0131r Kantar\u0131 Kalibrasyonu &nbsp; T\u0131r Kantar Kalibrasyonu Nedir? T\u0131r Kantar\u0131 Kalibrasyonu A\u011f\u0131rl\u0131k \u00f6l\u00e7\u00fcm\u00fc, her sekt\u00f6rde ihtiya\u00e7 duyulan bir hizmettir. Bu hizmetin do\u011fru ve yetkili kurulu\u015flar taraf\u0131ndan yap\u0131lmal\u0131, verimli bir bi\u00e7imde yap\u0131labilmesi i\u00e7in, etalon a\u011f\u0131rl\u0131klar ile do\u011fru kalibrasyon sa\u011flanmas\u0131 gerekmektedir. Tonajl\u0131 tart\u0131m yapan&nbsp;t\u0131r kantar&nbsp;kalibrasyon yap\u0131lmas\u0131 ve do\u011fru bir \u015fekilde yetki belgesine sahip firma taraf\u0131ndan, TSE standartlar\u0131 [&hellip;]<\/p>\n","protected":false},"author":1,"featured_media":0,"parent":0,"menu_order":0,"comment_status":"closed","ping_status":"closed","template":"","meta":{"ngg_post_thumbnail":0,"footnotes":""},"_links":{"self":[{"href":"https:\/\/www.istanbulkantar.com\/index.php\/wp-json\/wp\/v2\/pages\/1277"}],"collection":[{"href":"https:\/\/www.istanbulkantar.com\/index.php\/wp-json\/wp\/v2\/pages"}],"about":[{"href":"https:\/\/www.istanbulkantar.com\/index.php\/wp-json\/wp\/v2\/types\/page"}],"author":[{"embeddable":true,"href":"https:\/\/www.istanbulkantar.com\/index.php\/wp-json\/wp\/v2\/users\/1"}],"replies":[{"embeddable":true,"href":"https:\/\/www.istanbulkantar.com\/index.php\/wp-json\/wp\/v2\/comments?post=1277"}],"version-history":[{"count":4,"href":"https:\/\/www.istanbulkantar.com\/index.php\/wp-json\/wp\/v2\/pages\/1277\/revisions"}],"predecessor-version":[{"id":1556,"href":"https:\/\/www.istanbulkantar.com\/index.php\/wp-json\/wp\/v2\/pages\/1277\/revisions\/1556"}],"wp:attachment":[{"href":"https:\/\/www.istanbulkantar.com\/index.php\/wp-json\/wp\/v2\/media?parent=1277"}],"curies":[{"name":"wp","href":"https:\/\/api.w.org\/{rel}","templated":true}]}}