{"id":1267,"date":"2024-06-30T15:36:53","date_gmt":"2024-06-30T12:36:53","guid":{"rendered":"https:\/\/www.istanbulkantar.com\/?page_id=1267"},"modified":"2024-07-24T01:01:20","modified_gmt":"2024-07-23T22:01:20","slug":"zemin-ici-tir-kantari","status":"publish","type":"page","link":"https:\/\/www.istanbulkantar.com\/index.php\/zemin-ici-tir-kantari","title":{"rendered":"Zemin \u0130\u00e7i T\u0131r Kantar\u0131"},"content":{"rendered":"<div class=\"cmsmasters_text\">ngg_shortcode_0_placeholder<\/p>\n<hr>\n<div class=\"cmsmasters_text\">\n<h2><a href=\"https:\/\/www.istanbulkantar.com\/\">Zemin \u0130\u00e7i T\u0131r Kantar\u0131<\/a> \u2013 <strong>Beton ile G\u00fc\u00e7lendirilmi\u015f ELT-B Model Kantar<\/strong><\/h2>\n<\/div>\n<div class=\"cmsmasters_text\">\n<h2>60 Tonluk T\u0131r Kantar\u0131, 80 Tonluk ve \u00dczeri Modeller (ELT-B Model)<\/h2>\n<h2><a href=\"https:\/\/www.elitesistem.com\/index.php\/project\/60-tonluk-tir-kantari\">ELT-B Model T\u0131r Kantar\u0131<\/a><\/h2>\n<p>\u00dcretimimizde olan a\u00e7\u0131klamalar\u0131 ve g\u00f6rselleri a\u015fa\u011f\u0131da yer alan&nbsp;<a href=\"https:\/\/www.elitesistem.com\/\"><strong>T\u0131r<\/strong><\/a>&nbsp;\/&nbsp;<strong><a href=\"https:\/\/www.elitesistem.com\/\">Kamyon kantar\u0131<\/a><\/strong>&nbsp;\u00e7e\u015fitlerimiz \u015funlard\u0131r; T\u00fcm kantar yaz\u0131l\u0131mlar\u0131m\u0131zda&nbsp;<strong><a href=\"https:\/\/onlinekantar.net\/\" target=\"_blank\" rel=\"noopener\">online tart\u0131m<\/a><\/strong>&nbsp;ile tart\u0131mlar\u0131n\u0131z\u0131 takip edebilme \u00f6zelli\u011fine sahiptir.<\/p>\n<h4>&nbsp;<\/h4>\n<p><strong>ZEM\u0130N \u00dcST\u00dc&nbsp;<a href=\"https:\/\/www.elitesistem.com\/index.php\/project\/60-tonluk-tir-kantari\">60 Tonluk T\u0131r Kantar\u0131<\/a>&nbsp;ve 80&nbsp;<a href=\"https:\/\/www.elitesistem.com\/index.php\/project\/60-tonluk-tir-kantari\">Tonluk T\u0131r Kantar\u0131<\/a>&nbsp;\u2013&nbsp;<a href=\"https:\/\/www.elitesistem.com\/\">KAMYON KANTARI<\/a>&nbsp;\u2013&nbsp;<a href=\"https:\/\/www.elitesistem.com\/\">ARA\u00c7 KANTARI<\/a><\/strong><\/p>\n<ul>\n<li><em>Zemin \u00dcst\u00fc Beton ile G\u00fc\u00e7lendirilmi\u015f&nbsp;<strong>ELT-B<\/strong>&nbsp;Model Kantar (Haz\u0131r Rampal\u0131)<\/em><\/li>\n<li><em>Zemin \u00dcst\u00fc Tamam\u0131 \u00c7elik&nbsp;<strong>ELT<\/strong><strong>-C&nbsp;<\/strong>Model Kantar<\/em><\/li>\n<li><em>Zemin \u00dcst\u00fc I Kiri\u015f Tamam\u0131 \u00c7elik&nbsp;<strong>ELT<\/strong><strong>-I<\/strong>&nbsp;Model Kantar<\/em><\/li>\n<li><em>Zemin \u00dcst\u00fc V Kiri\u015f Tamam\u0131 \u00c7elik&nbsp;<strong>ELT<\/strong><strong>-V<\/strong>&nbsp;Model Kantar<\/em><\/li>\n<\/ul>\n<p>&nbsp;<\/p>\n<p><strong>\u00c7UKUR T\u0130P&nbsp;<a href=\"https:\/\/www.elitesistem.com\/index.php\/project\/60-tonluk-tir-kantari\">60 Tonluk T\u0131r Kantar\u0131<\/a>&nbsp;ve 80&nbsp;<a href=\"https:\/\/www.elitesistem.com\/index.php\/project\/60-tonluk-tir-kantari\">Tonluk T\u0131r Kantar\u0131<\/a>&nbsp;\u2013&nbsp;<a href=\"https:\/\/www.elitesistem.com\/\">KAMYON KANTARI<\/a>&nbsp;\u2013&nbsp;<a href=\"https:\/\/www.elitesistem.com\/\">ARA\u00c7 KANTARI<\/a><\/strong><\/p>\n<ul>\n<li><em>\u00c7ukur Tip Beton ile G\u00fc\u00e7lendirilmi\u015f&nbsp;<strong>ELT<\/strong><strong>-CB&nbsp;<\/strong>Model Kantar<\/em><\/li>\n<li><em>\u00c7ukur Tip Tamam\u0131 \u00c7elik&nbsp;<strong>ELT<\/strong><strong>-CC&nbsp;<\/strong>Model Kantar<\/em><\/li>\n<li><em>\u00c7ukur Tip I Kiri\u015f Tamam\u0131 \u00c7elik&nbsp;<strong>ELT<\/strong><strong>-CI<\/strong>&nbsp;Model Kantar<\/em><\/li>\n<li><em>\u00c7ukur Tip V Kiri\u015f Tamam\u0131 \u00c7elik&nbsp;<strong>ELT<\/strong><strong>-CV<\/strong>&nbsp;Model Kantar<\/em><\/li>\n<\/ul>\n<p>&nbsp;<\/p>\n<ul>\n<li>T\u00fcm&nbsp;<strong><a href=\"https:\/\/www.elitesistem.com\/\">kantar<\/a><\/strong>&nbsp;\u00e7e\u015fitlerimizde kurulum s\u00fcresi sadece 5 saat s\u00fcrmektedir. Sekt\u00f6rlere g\u00f6re; in\u015faat, demir\/\u00e7elik, petrol istasyonlar\u0131, ziraat, geri d\u00f6n\u00fc\u015f\u00fcm, maden sahalar\u0131 ve \u00e7e\u015fitli stok sahalar\u0131nda, fabrika giri\u015flerinde, ham madde al\u0131m-sat\u0131m noktalar\u0131nda kullan\u0131l\u0131r.<\/li>\n<li>\u00dclkenin her yerine kurulum ve montaj i\u015flemlerini ger\u00e7ekle\u015ftirmekteyiz.<\/li>\n<li>T\u00fcm&nbsp;<strong><a href=\"https:\/\/www.elitesistem.com\/\">t\u0131r kantar\u0131<\/a><\/strong>&nbsp;modellerimizde 2 y\u0131l elektronik ve 5 y\u0131l mekanik garanti kapsam\u0131ndad\u0131r.<\/li>\n<li><strong><a href=\"https:\/\/www.elitesistem.com\/\">Ta\u015f\u0131t kantarlar\u0131<\/a><\/strong>nda uzunluk \u00f6l\u00e7\u00fclerine g\u00f6re 6 metreden 24 metreye kadar istenilen ebatta \u00fcretim yapabilme yetene\u011fine sahibiz.<\/li>\n<li>Kantarlar\u0131m\u0131zda, uzunluk \u00f6l\u00e7\u00fclerine g\u00f6re, 4 ile 14 adet aras\u0131nda her biri 30 ton kapasiteli OIML R60 standartlar\u0131nda C4 s\u0131n\u0131f\u0131 paslanmaz \u00e7elik y\u00fck h\u00fccreleri (loadcell) kullanmaktay\u0131z.<\/li>\n<\/ul>\n<p>&nbsp;<\/p>\n<figure id=\"attachment_15231\" class=\"wp-caption alignleft\" aria-describedby=\"caption-attachment-15231\"><img loading=\"lazy\" decoding=\"async\" class=\"wp-image-15231 size-medium lazyloaded\" src=\"https:\/\/cdn-ikpjhcb.nitrocdn.com\/odfdjdoOrmcpPtSOByEnzJKNwMPHEpLj\/assets\/images\/optimized\/rev-6ac993c\/cdn.statically.io\/img\/www.elitesistem.com\/wp-content\/uploads\/2023\/12\/7d0a2fedbaddbbe191fd91f671db41d9.60-tonluk-tir-kantari-300x129.jpg\" sizes=\"(max-width: 300px) 100vw, 300px\" srcset=\"https:\/\/cdn-ikpjhcb.nitrocdn.com\/odfdjdoOrmcpPtSOByEnzJKNwMPHEpLj\/assets\/images\/optimized\/rev-6ac993c\/cdn.statically.io\/img\/www.elitesistem.com\/wp-content\/uploads\/2023\/12\/7d0a2fedbaddbbe191fd91f671db41d9.60-tonluk-tir-kantari-300x129.jpg 300w, https:\/\/cdn-ikpjhcb.nitrocdn.com\/odfdjdoOrmcpPtSOByEnzJKNwMPHEpLj\/assets\/images\/optimized\/rev-6ac993c\/cdn.statically.io\/img\/www.elitesistem.com\/wp-content\/uploads\/2023\/12\/7d0a2fedbaddbbe191fd91f671db41d9.60-tonluk-tir-kantari-1024x441.jpg 1024w, https:\/\/cdn-ikpjhcb.nitrocdn.com\/odfdjdoOrmcpPtSOByEnzJKNwMPHEpLj\/assets\/images\/optimized\/rev-6ac993c\/cdn.statically.io\/img\/www.elitesistem.com\/wp-content\/uploads\/2023\/12\/7d0a2fedbaddbbe191fd91f671db41d9.60-tonluk-tir-kantari-768x330.jpg 768w, https:\/\/cdn-ikpjhcb.nitrocdn.com\/odfdjdoOrmcpPtSOByEnzJKNwMPHEpLj\/assets\/images\/optimized\/rev-6ac993c\/cdn.statically.io\/img\/www.elitesistem.com\/wp-content\/uploads\/2023\/12\/7d0a2fedbaddbbe191fd91f671db41d9.60-tonluk-tir-kantari-580x250.jpg 580w, https:\/\/cdn-ikpjhcb.nitrocdn.com\/odfdjdoOrmcpPtSOByEnzJKNwMPHEpLj\/assets\/images\/optimized\/rev-6ac993c\/cdn.statically.io\/img\/www.elitesistem.com\/wp-content\/uploads\/2023\/12\/7d0a2fedbaddbbe191fd91f671db41d9.60-tonluk-tir-kantari-860x370.jpg 860w, https:\/\/cdn-ikpjhcb.nitrocdn.com\/odfdjdoOrmcpPtSOByEnzJKNwMPHEpLj\/assets\/images\/optimized\/rev-6ac993c\/cdn.statically.io\/img\/www.elitesistem.com\/wp-content\/uploads\/2023\/12\/7d0a2fedbaddbbe191fd91f671db41d9.60-tonluk-tir-kantari-1160x499.jpg 1160w, https:\/\/cdn-ikpjhcb.nitrocdn.com\/odfdjdoOrmcpPtSOByEnzJKNwMPHEpLj\/assets\/images\/optimized\/rev-6ac993c\/cdn.statically.io\/img\/www.elitesistem.com\/wp-content\/uploads\/2023\/12\/7d0a2fedbaddbbe191fd91f671db41d9.60-tonluk-tir-kantari.jpg 1232w\" alt=\"60 Tonluk T\u0131r Kantar\u0131\" width=\"300\" height=\"129\" data-src=\"https:\/\/cdn-ikpjhcb.nitrocdn.com\/odfdjdoOrmcpPtSOByEnzJKNwMPHEpLj\/assets\/images\/optimized\/rev-6ac993c\/cdn.statically.io\/img\/www.elitesistem.com\/wp-content\/uploads\/2023\/12\/7d0a2fedbaddbbe191fd91f671db41d9.60-tonluk-tir-kantari-300x129.jpg\" data-srcset=\"https:\/\/cdn-ikpjhcb.nitrocdn.com\/odfdjdoOrmcpPtSOByEnzJKNwMPHEpLj\/assets\/images\/optimized\/rev-6ac993c\/cdn.statically.io\/img\/www.elitesistem.com\/wp-content\/uploads\/2023\/12\/7d0a2fedbaddbbe191fd91f671db41d9.60-tonluk-tir-kantari-300x129.jpg 300w, https:\/\/cdn-ikpjhcb.nitrocdn.com\/odfdjdoOrmcpPtSOByEnzJKNwMPHEpLj\/assets\/images\/optimized\/rev-6ac993c\/cdn.statically.io\/img\/www.elitesistem.com\/wp-content\/uploads\/2023\/12\/7d0a2fedbaddbbe191fd91f671db41d9.60-tonluk-tir-kantari-1024x441.jpg 1024w, https:\/\/cdn-ikpjhcb.nitrocdn.com\/odfdjdoOrmcpPtSOByEnzJKNwMPHEpLj\/assets\/images\/optimized\/rev-6ac993c\/cdn.statically.io\/img\/www.elitesistem.com\/wp-content\/uploads\/2023\/12\/7d0a2fedbaddbbe191fd91f671db41d9.60-tonluk-tir-kantari-768x330.jpg 768w, https:\/\/cdn-ikpjhcb.nitrocdn.com\/odfdjdoOrmcpPtSOByEnzJKNwMPHEpLj\/assets\/images\/optimized\/rev-6ac993c\/cdn.statically.io\/img\/www.elitesistem.com\/wp-content\/uploads\/2023\/12\/7d0a2fedbaddbbe191fd91f671db41d9.60-tonluk-tir-kantari-580x250.jpg 580w, https:\/\/cdn-ikpjhcb.nitrocdn.com\/odfdjdoOrmcpPtSOByEnzJKNwMPHEpLj\/assets\/images\/optimized\/rev-6ac993c\/cdn.statically.io\/img\/www.elitesistem.com\/wp-content\/uploads\/2023\/12\/7d0a2fedbaddbbe191fd91f671db41d9.60-tonluk-tir-kantari-860x370.jpg 860w, https:\/\/cdn-ikpjhcb.nitrocdn.com\/odfdjdoOrmcpPtSOByEnzJKNwMPHEpLj\/assets\/images\/optimized\/rev-6ac993c\/cdn.statically.io\/img\/www.elitesistem.com\/wp-content\/uploads\/2023\/12\/7d0a2fedbaddbbe191fd91f671db41d9.60-tonluk-tir-kantari-1160x499.jpg 1160w, https:\/\/cdn-ikpjhcb.nitrocdn.com\/odfdjdoOrmcpPtSOByEnzJKNwMPHEpLj\/assets\/images\/optimized\/rev-6ac993c\/cdn.statically.io\/img\/www.elitesistem.com\/wp-content\/uploads\/2023\/12\/7d0a2fedbaddbbe191fd91f671db41d9.60-tonluk-tir-kantari.jpg 1232w\"><figcaption id=\"caption-attachment-15231\" class=\"wp-caption-text\"><strong><a href=\"https:\/\/www.elitesistem.com\/index.php\/project\/60-tonluk-tir-kantari\">60 Tonluk T\u0131r Kantar\u0131<\/a><\/strong><\/figcaption><\/figure>\n<p>Son teknoloji \u00fcr\u00fcn\u00fc T\u0131r Kantarlar\u0131m\u0131zla tan\u0131\u015f\u0131n! Herhangi bir kamyonun ve y\u00fck\u00fcn\u00fcn a\u011f\u0131rl\u0131\u011f\u0131n\u0131 kolay, verimli ve hassas bir \u015fekilde do\u011fru bir \u015fekilde \u00f6l\u00e7mek i\u00e7in tasarlanm\u0131\u015ft\u0131r. Kantar\u0131m\u0131z, \u00fcr\u00fcnlerin do\u011fru ve g\u00fcvenilir bir \u015fekilde \u00f6l\u00e7\u00fclmesini sa\u011flayarak nakliye ve teslim alma faaliyetlerini takip etmek isteyen i\u015fletmeler i\u00e7in basit ve g\u00fcvenilir bir \u00e7\u00f6z\u00fcm sunmaktad\u0131r.<\/p>\n<p>Kantar\u0131m\u0131z\u0131n platformunda y\u00fckl\u00fc bir kamyonun a\u011f\u0131rl\u0131\u011f\u0131n\u0131 ta\u015f\u0131yacak \u015fekilde tasarlanm\u0131\u015ft\u0131r.&nbsp;<strong><a href=\"https:\/\/www.elitesistem.com\/\">Beton kantar<\/a><\/strong>&nbsp;veya&nbsp;<strong><a href=\"https:\/\/www.elitesistem.com\/\">\u00e7elik kantar<\/a><\/strong>&nbsp;gibi dayan\u0131kl\u0131 malzemelerden yap\u0131lm\u0131\u015f olup, g\u00fcnl\u00fck kullan\u0131mdan kaynaklanan s\u00fcrekli a\u015f\u0131nma ve y\u0131pranmaya dayanacak \u015fekilde \u00fcretilmi\u015ftir. Platform, kamyonun a\u011f\u0131rl\u0131\u011f\u0131n\u0131 ve y\u00fck\u00fcn\u00fc ger\u00e7ek zamanl\u0131 olarak do\u011fru bir \u015fekilde \u00f6l\u00e7ebilen ve kaydedebilen son derece hassas loadcell ler ile donat\u0131lm\u0131\u015ft\u0131r. Kantar\u0131m\u0131z y\u00fcksek do\u011fruluk oran\u0131yla i\u015fletmelerin \u00fcr\u00fcnleri hakk\u0131nda her zaman kesin bilgiye sahip olabilmelerini sa\u011flar.<\/p>\n<p>Dijital ekran veya bilgisayar sistemi kantar\u0131m\u0131z\u0131n bir sonraki temel bile\u015fenidir. Ekran, kamyonun ve y\u00fck\u00fcn\u00fcn toplam a\u011f\u0131rl\u0131\u011f\u0131n\u0131n okunmas\u0131 kolay bir \u015fekilde okunmas\u0131n\u0131 sa\u011flar. Bilgisayar sistemi son derece geli\u015fmi\u015f olup a\u011f\u0131rl\u0131k verilerini ileride ba\u015fvurmak \u00fczere kaydedebilir ve saklayabilir. Bu bilgiler, faturalama amac\u0131yla \u00fcr\u00fcnlerin a\u011f\u0131rl\u0131\u011f\u0131n\u0131n belirlenmesi, \u00fcr\u00fcnlerin ta\u015f\u0131nmas\u0131n\u0131n optimize edilmesi ve hatta mevzuata uygunluk gibi ticari ama\u00e7larla kullan\u0131labilir.<\/p>\n<div id=\"attachment_1495\" style=\"width: 310px\" class=\"wp-caption alignright\"><img loading=\"lazy\" decoding=\"async\" aria-describedby=\"caption-attachment-1495\" class=\"size-medium wp-image-1495\" src=\"https:\/\/www.istanbulkantar.com\/wp-content\/uploads\/2024\/06\/tir-kantari-67-300x225.jpg\" alt=\"Zemin \u0130\u00e7i T\u0131r Kantar\u0131\" width=\"300\" height=\"225\" srcset=\"https:\/\/www.istanbulkantar.com\/wp-content\/uploads\/2024\/06\/tir-kantari-67-300x225.jpg 300w, https:\/\/www.istanbulkantar.com\/wp-content\/uploads\/2024\/06\/tir-kantari-67-768x575.jpg 768w, https:\/\/www.istanbulkantar.com\/wp-content\/uploads\/2024\/06\/tir-kantari-67.jpg 1025w\" sizes=\"(max-width: 300px) 100vw, 300px\" \/><p id=\"caption-attachment-1495\" class=\"wp-caption-text\">Zemin \u0130\u00e7i T\u0131r Kantar\u0131<\/p><\/div>\n<p>Kamyon A\u011f\u0131rl\u0131k Kantar\u0131m\u0131z i\u015fletmelere \u00e7e\u015fitli avantajlar sunar. \u0130lk olarak, a\u011f\u0131r kamyonlar\u0131 tartmak i\u00e7in gereken s\u00fcreyi \u00f6nemli \u00f6l\u00e7\u00fcde azalt\u0131r ve mallar\u0131n daha kolay ve sorunsuz bir \u015fekilde y\u00fcklenmesine ve bo\u015falt\u0131lmas\u0131na olanak tan\u0131r. Bu, i\u015fyerinde \u00fcretkenlik ve verimlilikte \u00f6nemli bir art\u0131\u015fa yol a\u00e7abilir. Ayr\u0131ca kantar\u0131m\u0131z kamyonlar\u0131n a\u015f\u0131r\u0131 y\u00fcklenmemesini sa\u011flar, bu da kazalar\u0131n ve kamyonlar\u0131n hasar g\u00f6rmesinin \u00f6nlenmesine yard\u0131mc\u0131 olur.<\/p>\n<p>Kantar\u0131m\u0131z kullan\u0131m kolayl\u0131\u011f\u0131, g\u00fcvenilirlik ve do\u011fruluk odakl\u0131 olarak tasarlanm\u0131\u015ft\u0131r. Zaman\u0131n de\u011ferli oldu\u011funun bilincindeyiz ve kantar\u0131m\u0131z\u0131 h\u0131zl\u0131, do\u011fru ve herhangi bir aksama veya kesinti olmadan \u00e7al\u0131\u015facak \u015fekilde tasarlad\u0131k. En son teknolojimiz, kantar\u0131m\u0131z taraf\u0131ndan sa\u011flanan \u00f6l\u00e7\u00fcmlerin her zaman do\u011fru, tutarl\u0131 ve g\u00fcvenilir olmas\u0131n\u0131 sa\u011flar.<\/p>\n<p><strong><a href=\"https:\/\/www.elitesistem.com\/\">Kamyon Kantarlar\u0131<\/a>&nbsp;<\/strong>nakliye ve nakliyeye dayal\u0131 her t\u00fcrl\u00fc i\u015fletme i\u00e7in \u00f6nemli bir ekipman par\u00e7as\u0131d\u0131r. Kantar\u0131m\u0131z, \u00fcr\u00fcnlerin do\u011fru ve g\u00fcvenilir bir \u015fekilde \u00f6l\u00e7\u00fclmesini sa\u011flayarak, karar verme ve operasyonlar\u0131 y\u00f6netme konusunda de\u011ferli bir ara\u00e7 olarak hizmet eder. Dayan\u0131kl\u0131 yap\u0131s\u0131, ileri teknolojisi ve y\u00fcksek d\u00fczeyde do\u011frulu\u011fu ile kantar\u0131m\u0131z\u0131n her t\u00fcrl\u00fc i\u015fletmenin taleplerini kar\u015f\u0131layaca\u011f\u0131ndan emin olabilirsiniz.<\/p>\n<p>Sonu\u00e7 olarak,<strong><a href=\"https:\/\/www.elitesistem.com\/index.php\/project\/60-tonluk-tir-kantari\">60 Tonluk T\u0131r Kantar\u0131<\/a><\/strong>&nbsp;ve&nbsp;<strong><a href=\"https:\/\/www.elitesistem.com\/index.php\/project\/80-tonluk-tir-kantari\">80 Tonluk T\u0131r Kantar\u0131<\/a><\/strong>, \u00fcr\u00fcnlerin a\u011f\u0131rl\u0131\u011f\u0131n\u0131 do\u011fru bir \u015fekilde \u00f6l\u00e7erek verimlili\u011fini ve \u00fcretkenli\u011fini art\u0131rmak isteyen her i\u015fletme i\u00e7in m\u00fckemmel bir yat\u0131r\u0131md\u0131r. \u0130leri teknolojisi, kullan\u0131m kolayl\u0131\u011f\u0131 ve g\u00fcvenilirli\u011fi ile kantar\u0131m\u0131z\u0131n her t\u00fcrl\u00fc i\u015fletmenin ihtiya\u00e7lar\u0131n\u0131 kar\u015f\u0131layaca\u011f\u0131ndan emin olabilirsiniz. Peki neden bekleyelim? Bug\u00fcn son teknolojiye sahip kantar\u0131m\u0131za yat\u0131r\u0131m yap\u0131n ve i\u015finizi bir sonraki seviyeye ta\u015f\u0131y\u0131n!<\/p>\n<p>&nbsp;<\/p>\n<p><a href=\"https:\/\/www.elitesistem.com\/wp-content\/uploads\/2024\/01\/Tir-Kantar.pdf\"><strong>T\u0131r Kantar\u0131<\/strong><\/a>&nbsp;Modelleri ve Katalog incelemek i\u00e7in t\u0131klay\u0131n\u0131z.<\/p>\n<\/div>\n","protected":false},"excerpt":{"rendered":"<p>Zemin \u0130\u00e7i T\u0131r Kantar\u0131 \u2013 Beton ile G\u00fc\u00e7lendirilmi\u015f ELT-B Model Kantar 60 Tonluk T\u0131r Kantar\u0131, 80 Tonluk ve \u00dczeri Modeller (ELT-B Model) ELT-B Model T\u0131r Kantar\u0131 \u00dcretimimizde olan a\u00e7\u0131klamalar\u0131 ve g\u00f6rselleri a\u015fa\u011f\u0131da yer alan&nbsp;T\u0131r&nbsp;\/&nbsp;Kamyon kantar\u0131&nbsp;\u00e7e\u015fitlerimiz \u015funlard\u0131r; T\u00fcm kantar yaz\u0131l\u0131mlar\u0131m\u0131zda&nbsp;online tart\u0131m&nbsp;ile tart\u0131mlar\u0131n\u0131z\u0131 takip edebilme \u00f6zelli\u011fine sahiptir. &nbsp; ZEM\u0130N \u00dcST\u00dc&nbsp;60 Tonluk T\u0131r Kantar\u0131&nbsp;ve 80&nbsp;Tonluk T\u0131r Kantar\u0131&nbsp;\u2013&nbsp;KAMYON KANTARI&nbsp;\u2013&nbsp;ARA\u00c7 [&hellip;]<\/p>\n","protected":false},"author":1,"featured_media":0,"parent":0,"menu_order":0,"comment_status":"closed","ping_status":"closed","template":"","meta":{"ngg_post_thumbnail":0,"footnotes":""},"_links":{"self":[{"href":"https:\/\/www.istanbulkantar.com\/index.php\/wp-json\/wp\/v2\/pages\/1267"}],"collection":[{"href":"https:\/\/www.istanbulkantar.com\/index.php\/wp-json\/wp\/v2\/pages"}],"about":[{"href":"https:\/\/www.istanbulkantar.com\/index.php\/wp-json\/wp\/v2\/types\/page"}],"author":[{"embeddable":true,"href":"https:\/\/www.istanbulkantar.com\/index.php\/wp-json\/wp\/v2\/users\/1"}],"replies":[{"embeddable":true,"href":"https:\/\/www.istanbulkantar.com\/index.php\/wp-json\/wp\/v2\/comments?post=1267"}],"version-history":[{"count":4,"href":"https:\/\/www.istanbulkantar.com\/index.php\/wp-json\/wp\/v2\/pages\/1267\/revisions"}],"predecessor-version":[{"id":1553,"href":"https:\/\/www.istanbulkantar.com\/index.php\/wp-json\/wp\/v2\/pages\/1267\/revisions\/1553"}],"wp:attachment":[{"href":"https:\/\/www.istanbulkantar.com\/index.php\/wp-json\/wp\/v2\/media?parent=1267"}],"curies":[{"name":"wp","href":"https:\/\/api.w.org\/{rel}","templated":true}]}}